{"id":605,"date":"2021-06-24T08:58:52","date_gmt":"2021-06-24T06:58:52","guid":{"rendered":"https:\/\/shop.trueffel-vom-hof.ch\/impressum\/"},"modified":"2025-07-09T14:10:57","modified_gmt":"2025-07-09T12:10:57","slug":"impressum","status":"publish","type":"page","link":"https:\/\/shop.trueffel-vom-hof.ch\/fr\/impressum\/","title":{"rendered":"Impressum"},"content":{"rendered":"\n<h2 class=\"wp-block-heading\">Responsable<\/h2>\n\n<p><strong>Verein Tr\u00fcffelproduzenten Suisse<\/strong><br\/>Stefan Spahr, Pr\u00e4sident<br\/>Bellevue &#8211; 3294 B\u00fcren a. A.<br\/><a href=\"mailto&#58;&#105;&#110;&#102;&#111;&#64;&#116;&#x72;&#x75;&#x66;&#x66;&#x69;&#x63;&#x75;&#x6c;&#x74;&#x65;&#x75;&#x72;s&#46;ch\">&#105;&#110;&#x66;o&#64;&#x74;&#x72;u&#102;&#x66;&#x69;c&#117;&#x6c;&#x74;e&#117;&#x72;&#x73;&#46;&#99;&#x68;<\/a><br\/><a href=\"http:\/\/www.trufficulteurs.ch\" target=\"_blank\" rel=\"noopener\">www.trufficulteurs.ch<\/a><\/p>\n\n<p>L&rsquo;association est \u00e0 but non lucratif et exon\u00e9r\u00e9e d&rsquo;imp\u00f4ts.<\/p>\n\n<h2 class=\"wp-block-heading\">Avis de responsabilit\u00e9<\/h2>\n\n<p>Malgr\u00e9 un contr\u00f4le minutieux du contenu, nous d\u00e9clinons toute responsabilit\u00e9 quant au contenu des liens externes. Les exploitants des sites li\u00e9s sont seuls responsables de leur contenu.<\/p>\n\n<p><\/p>\n","protected":false},"excerpt":{"rendered":"<p>Responsable Verein Tr\u00fcffelproduzenten SuisseStefan Spahr, Pr\u00e4sidentBellevue &#8211; 3294 B\u00fcren a. A.&#105;&#x6e;&#102;&#x6f;&#64;&#x74;&#114;&#x75;f&#x66;i&#x63;u&#x6c;t&#101;&#x75;&#114;&#x73;&#46;&#x63;&#104;www.trufficulteurs.ch L&rsquo;association est \u00e0 but non lucratif et exon\u00e9r\u00e9e d&rsquo;imp\u00f4ts. Avis de responsabilit\u00e9 Malgr\u00e9 un contr\u00f4le minutieux du contenu, nous d\u00e9clinons toute responsabilit\u00e9 quant au contenu des liens externes. Les exploitants des sites li\u00e9s sont seuls responsables de leur contenu.<\/p>\n","protected":false},"author":4,"featured_media":556,"parent":0,"menu_order":0,"comment_status":"closed","ping_status":"closed","template":"","meta":{"site-sidebar-layout":"default","site-content-layout":"default","ast-site-content-layout":"default","site-content-style":"default","site-sidebar-style":"default","ast-global-header-display":"","ast-banner-title-visibility":"","ast-main-header-display":"","ast-hfb-above-header-display":"","ast-hfb-below-header-display":"","ast-hfb-mobile-header-display":"","site-post-title":"","ast-breadcrumbs-content":"","ast-featured-img":"","footer-sml-layout":"","theme-transparent-header-meta":"default","adv-header-id-meta":"","stick-header-meta":"","header-above-stick-meta":"","header-main-stick-meta":"","header-below-stick-meta":"","astra-migrate-meta-layouts":"default","ast-page-background-enabled":"default","ast-page-background-meta":{"desktop":{"background-color":"","background-image":"","background-repeat":"repeat","background-position":"center center","background-size":"auto","background-attachment":"scroll","background-type":"","background-media":"","overlay-type":"","overlay-color":"","overlay-opacity":"","overlay-gradient":""},"tablet":{"background-color":"","background-image":"","background-repeat":"repeat","background-position":"center center","background-size":"auto","background-attachment":"scroll","background-type":"","background-media":"","overlay-type":"","overlay-color":"","overlay-opacity":"","overlay-gradient":""},"mobile":{"background-color":"","background-image":"","background-repeat":"repeat","background-position":"center center","background-size":"auto","background-attachment":"scroll","background-type":"","background-media":"","overlay-type":"","overlay-color":"","overlay-opacity":"","overlay-gradient":""}},"ast-content-background-meta":{"desktop":{"background-color":"var(--ast-global-color-5)","background-image":"","background-repeat":"repeat","background-position":"center center","background-size":"auto","background-attachment":"scroll","background-type":"","background-media":"","overlay-type":"","overlay-color":"","overlay-opacity":"","overlay-gradient":""},"tablet":{"background-color":"var(--ast-global-color-5)","background-image":"","background-repeat":"repeat","background-position":"center center","background-size":"auto","background-attachment":"scroll","background-type":"","background-media":"","overlay-type":"","overlay-color":"","overlay-opacity":"","overlay-gradient":""},"mobile":{"background-color":"var(--ast-global-color-5)","background-image":"","background-repeat":"repeat","background-position":"center center","background-size":"auto","background-attachment":"scroll","background-type":"","background-media":"","overlay-type":"","overlay-color":"","overlay-opacity":"","overlay-gradient":""}},"footnotes":""},"class_list":["post-605","page","type-page","status-publish","has-post-thumbnail","hentry"],"_links":{"self":[{"href":"https:\/\/shop.trueffel-vom-hof.ch\/fr\/wp-json\/wp\/v2\/pages\/605","targetHints":{"allow":["GET"]}}],"collection":[{"href":"https:\/\/shop.trueffel-vom-hof.ch\/fr\/wp-json\/wp\/v2\/pages"}],"about":[{"href":"https:\/\/shop.trueffel-vom-hof.ch\/fr\/wp-json\/wp\/v2\/types\/page"}],"author":[{"embeddable":true,"href":"https:\/\/shop.trueffel-vom-hof.ch\/fr\/wp-json\/wp\/v2\/users\/4"}],"replies":[{"embeddable":true,"href":"https:\/\/shop.trueffel-vom-hof.ch\/fr\/wp-json\/wp\/v2\/comments?post=605"}],"version-history":[{"count":3,"href":"https:\/\/shop.trueffel-vom-hof.ch\/fr\/wp-json\/wp\/v2\/pages\/605\/revisions"}],"predecessor-version":[{"id":608,"href":"https:\/\/shop.trueffel-vom-hof.ch\/fr\/wp-json\/wp\/v2\/pages\/605\/revisions\/608"}],"wp:featuredmedia":[{"embeddable":true,"href":"https:\/\/shop.trueffel-vom-hof.ch\/fr\/wp-json\/wp\/v2\/media\/556"}],"wp:attachment":[{"href":"https:\/\/shop.trueffel-vom-hof.ch\/fr\/wp-json\/wp\/v2\/media?parent=605"}],"curies":[{"name":"wp","href":"https:\/\/api.w.org\/{rel}","templated":true}]}}