{"id":623,"date":"2021-02-26T14:58:24","date_gmt":"2021-02-26T13:58:24","guid":{"rendered":"https:\/\/shop.trueffel-vom-hof.ch\/boutique-2\/"},"modified":"2021-02-26T14:58:24","modified_gmt":"2021-02-26T13:58:24","slug":"boutique-2","status":"publish","type":"page","link":"https:\/\/shop.trueffel-vom-hof.ch\/fr\/boutique-2\/","title":{"rendered":"Boutique"},"content":{"rendered":"<p data-start=\"101\" data-end=\"237\">Les truffes fra\u00eeches sont livr\u00e9es directement par l\u2019un de nos producteurs.<br data-start=\"175\" data-end=\"178\" \/>Vous pouvez les commander via notre <a href=\"https:\/\/www.terredetruffe.ch\" target=\"_blank\" rel=\"noopener\"><strong data-start=\"214\" data-end=\"236\">Bourse aux truffes<\/strong>.<\/a><\/p>\n<p data-start=\"239\" data-end=\"488\">Les produits de notre boutique d\u2019accessoires sont exp\u00e9di\u00e9s depuis un centre logistique distinct.<br data-start=\"335\" data-end=\"338\" \/>C\u2019est pourquoi <strong data-start=\"353\" data-end=\"436\">les truffes et les accessoires doivent \u00eatre command\u00e9s via deux syst\u00e8mes s\u00e9par\u00e9s<\/strong>, et seront exp\u00e9di\u00e9s ind\u00e9pendamment l\u2019un de l\u2019autre.<\/p>\n","protected":false},"excerpt":{"rendered":"<p>Les truffes fra\u00eeches sont livr\u00e9es directement par l\u2019un de nos producteurs.Vous pouvez les commander via notre Bourse aux truffes. Les produits de notre boutique d\u2019accessoires sont exp\u00e9di\u00e9s depuis un centre logistique distinct.C\u2019est pourquoi les truffes et les accessoires doivent \u00eatre command\u00e9s via deux syst\u00e8mes s\u00e9par\u00e9s, et seront exp\u00e9di\u00e9s ind\u00e9pendamment l\u2019un de l\u2019autre.<\/p>\n","protected":false},"author":1,"featured_media":0,"parent":0,"menu_order":0,"comment_status":"closed","ping_status":"closed","template":"","meta":{"site-sidebar-layout":"default","site-content-layout":"default","ast-site-content-layout":"default","site-content-style":"default","site-sidebar-style":"default","ast-global-header-display":"","ast-banner-title-visibility":"","ast-main-header-display":"","ast-hfb-above-header-display":"","ast-hfb-below-header-display":"","ast-hfb-mobile-header-display":"","site-post-title":"","ast-breadcrumbs-content":"","ast-featured-img":"","footer-sml-layout":"","theme-transparent-header-meta":"default","adv-header-id-meta":"","stick-header-meta":"","header-above-stick-meta":"","header-main-stick-meta":"","header-below-stick-meta":"","astra-migrate-meta-layouts":"default","ast-page-background-enabled":"default","ast-page-background-meta":{"desktop":{"background-color":"","background-image":"","background-repeat":"repeat","background-position":"center center","background-size":"auto","background-attachment":"scroll","background-type":"","background-media":"","overlay-type":"","overlay-color":"","overlay-opacity":"","overlay-gradient":""},"tablet":{"background-color":"","background-image":"","background-repeat":"repeat","background-position":"center center","background-size":"auto","background-attachment":"scroll","background-type":"","background-media":"","overlay-type":"","overlay-color":"","overlay-opacity":"","overlay-gradient":""},"mobile":{"background-color":"","background-image":"","background-repeat":"repeat","background-position":"center center","background-size":"auto","background-attachment":"scroll","background-type":"","background-media":"","overlay-type":"","overlay-color":"","overlay-opacity":"","overlay-gradient":""}},"ast-content-background-meta":{"desktop":{"background-color":"var(--ast-global-color-5)","background-image":"","background-repeat":"repeat","background-position":"center center","background-size":"auto","background-attachment":"scroll","background-type":"","background-media":"","overlay-type":"","overlay-color":"","overlay-opacity":"","overlay-gradient":""},"tablet":{"background-color":"var(--ast-global-color-5)","background-image":"","background-repeat":"repeat","background-position":"center center","background-size":"auto","background-attachment":"scroll","background-type":"","background-media":"","overlay-type":"","overlay-color":"","overlay-opacity":"","overlay-gradient":""},"mobile":{"background-color":"var(--ast-global-color-5)","background-image":"","background-repeat":"repeat","background-position":"center center","background-size":"auto","background-attachment":"scroll","background-type":"","background-media":"","overlay-type":"","overlay-color":"","overlay-opacity":"","overlay-gradient":""}},"footnotes":""},"class_list":["post-623","page","type-page","status-publish","hentry"],"_links":{"self":[{"href":"https:\/\/shop.trueffel-vom-hof.ch\/fr\/wp-json\/wp\/v2\/pages\/623","targetHints":{"allow":["GET"]}}],"collection":[{"href":"https:\/\/shop.trueffel-vom-hof.ch\/fr\/wp-json\/wp\/v2\/pages"}],"about":[{"href":"https:\/\/shop.trueffel-vom-hof.ch\/fr\/wp-json\/wp\/v2\/types\/page"}],"author":[{"embeddable":true,"href":"https:\/\/shop.trueffel-vom-hof.ch\/fr\/wp-json\/wp\/v2\/users\/1"}],"replies":[{"embeddable":true,"href":"https:\/\/shop.trueffel-vom-hof.ch\/fr\/wp-json\/wp\/v2\/comments?post=623"}],"version-history":[{"count":0,"href":"https:\/\/shop.trueffel-vom-hof.ch\/fr\/wp-json\/wp\/v2\/pages\/623\/revisions"}],"wp:attachment":[{"href":"https:\/\/shop.trueffel-vom-hof.ch\/fr\/wp-json\/wp\/v2\/media?parent=623"}],"curies":[{"name":"wp","href":"https:\/\/api.w.org\/{rel}","templated":true}]}}