{"id":628,"date":"2021-06-24T12:47:22","date_gmt":"2021-06-24T10:47:22","guid":{"rendered":"https:\/\/shop.trueffel-vom-hof.ch\/produkt\/rape-a-truffes-haut-de-gamme-en-acier-damas-ds93xtm\/"},"modified":"2025-07-15T16:28:12","modified_gmt":"2025-07-15T14:28:12","slug":"rape-a-truffes-haut-de-gamme-en-acier-damas-ds93xtm","status":"publish","type":"product","link":"https:\/\/shop.trueffel-vom-hof.ch\/fr\/produkt\/rape-a-truffes-haut-de-gamme-en-acier-damas-ds93xtm\/","title":{"rendered":"Mandoline \u00e0 truffes haut de gamme en acier Damas DS93XTM"},"content":{"rendered":"<p id=\"tw-target-text\" class=\"tw-data-text tw-text-large tw-ta\" dir=\"ltr\" data-placeholder=\"Traduction\" data-ved=\"2ahUKEwi0_MHkhr-OAxW21QIHHQ-5C34Q3ewLegQICRAV\" aria-label=\"Texte traduit&nbsp;: Trancheuse \u00e0 truffes haut de gamme en acier Damas DS93XTM. \u00c9dition limit\u00e9e sign\u00e9e XFETTA Ambrogio Sanelli. Chaque trancheuse est unique et fabriqu\u00e9e \u00e0 la main. L'acier Damas, mat\u00e9riau mill\u00e9naire, offre des performances de coupe in\u00e9gal\u00e9es. Un chef-d'\u0153uvre technique et artistique. L'\u00e9paisseur de coupe est adapt\u00e9e aux truffes blanches. La trancheuse \u00e0 truffes est livr\u00e9e dans un \u00e9l\u00e9gant coffret avec un livret, incluant un bloc de marbre avec une fente pour exposer cette pi\u00e8ce exquise en cuisine ou \u00e0 table.\"><span class=\"Y2IQFc\" lang=\"fr\">Mandoline \u00e0 truffes haut de gamme en acier Damas DS93XTM. \u00c9dition limit\u00e9e sign\u00e9e XFETTA Ambrogio Sanelli. Chaque r\u00e2pe est unique et fabriqu\u00e9e \u00e0 la main. L&rsquo;acier Damas, mat\u00e9riau mill\u00e9naire, offre des performances de coupe in\u00e9gal\u00e9es. Un chef-d&rsquo;\u0153uvre technique et artistique. L&rsquo;\u00e9paisseur de coupe est adapt\u00e9e aux truffes blanches. La trancheuse \u00e0 truffes est livr\u00e9e dans un \u00e9l\u00e9gant coffret avec un livret, incluant un bloc de marbre avec une fente pour exposer cette pi\u00e8ce exquise en cuisine ou \u00e0 table.<\/span><\/p>\n","protected":false},"excerpt":{"rendered":"<p><br data-mce-bogus=\"1\"><\/p>\n","protected":false},"featured_media":586,"template":"","meta":{"site-sidebar-layout":"default","site-content-layout":"default","ast-site-content-layout":"default","site-content-style":"default","site-sidebar-style":"default","ast-global-header-display":"","ast-banner-title-visibility":"","ast-main-header-display":"","ast-hfb-above-header-display":"","ast-hfb-below-header-display":"","ast-hfb-mobile-header-display":"","site-post-title":"","ast-breadcrumbs-content":"","ast-featured-img":"","footer-sml-layout":"","theme-transparent-header-meta":"default","adv-header-id-meta":"","stick-header-meta":"","header-above-stick-meta":"","header-main-stick-meta":"","header-below-stick-meta":"","astra-migrate-meta-layouts":"default","ast-page-background-enabled":"default","ast-page-background-meta":{"desktop":{"background-color":"","background-image":"","background-repeat":"repeat","background-position":"center center","background-size":"auto","background-attachment":"scroll","background-type":"","background-media":"","overlay-type":"","overlay-color":"","overlay-opacity":"","overlay-gradient":""},"tablet":{"background-color":"","background-image":"","background-repeat":"repeat","background-position":"center center","background-size":"auto","background-attachment":"scroll","background-type":"","background-media":"","overlay-type":"","overlay-color":"","overlay-opacity":"","overlay-gradient":""},"mobile":{"background-color":"","background-image":"","background-repeat":"repeat","background-position":"center center","background-size":"auto","background-attachment":"scroll","background-type":"","background-media":"","overlay-type":"","overlay-color":"","overlay-opacity":"","overlay-gradient":""}},"ast-content-background-meta":{"desktop":{"background-color":"var(--ast-global-color-5)","background-image":"","background-repeat":"repeat","background-position":"center center","background-size":"auto","background-attachment":"scroll","background-type":"","background-media":"","overlay-type":"","overlay-color":"","overlay-opacity":"","overlay-gradient":""},"tablet":{"background-color":"var(--ast-global-color-5)","background-image":"","background-repeat":"repeat","background-position":"center center","background-size":"auto","background-attachment":"scroll","background-type":"","background-media":"","overlay-type":"","overlay-color":"","overlay-opacity":"","overlay-gradient":""},"mobile":{"background-color":"var(--ast-global-color-5)","background-image":"","background-repeat":"repeat","background-position":"center center","background-size":"auto","background-attachment":"scroll","background-type":"","background-media":"","overlay-type":"","overlay-color":"","overlay-opacity":"","overlay-gradient":""}}},"product_brand":[],"product_cat":[33],"product_tag":[],"class_list":{"0":"post-628","1":"product","2":"type-product","3":"status-publish","4":"has-post-thumbnail","6":"product_cat-non-categorise","7":"desktop-align-left","8":"tablet-align-left","9":"mobile-align-left","11":"first","12":"instock","13":"shipping-taxable","14":"purchasable","15":"product-type-simple"},"_links":{"self":[{"href":"https:\/\/shop.trueffel-vom-hof.ch\/fr\/wp-json\/wp\/v2\/product\/628","targetHints":{"allow":["GET"]}}],"collection":[{"href":"https:\/\/shop.trueffel-vom-hof.ch\/fr\/wp-json\/wp\/v2\/product"}],"about":[{"href":"https:\/\/shop.trueffel-vom-hof.ch\/fr\/wp-json\/wp\/v2\/types\/product"}],"wp:featuredmedia":[{"embeddable":true,"href":"https:\/\/shop.trueffel-vom-hof.ch\/fr\/wp-json\/wp\/v2\/media\/586"}],"wp:attachment":[{"href":"https:\/\/shop.trueffel-vom-hof.ch\/fr\/wp-json\/wp\/v2\/media?parent=628"}],"wp:term":[{"taxonomy":"product_brand","embeddable":true,"href":"https:\/\/shop.trueffel-vom-hof.ch\/fr\/wp-json\/wp\/v2\/product_brand?post=628"},{"taxonomy":"product_cat","embeddable":true,"href":"https:\/\/shop.trueffel-vom-hof.ch\/fr\/wp-json\/wp\/v2\/product_cat?post=628"},{"taxonomy":"product_tag","embeddable":true,"href":"https:\/\/shop.trueffel-vom-hof.ch\/fr\/wp-json\/wp\/v2\/product_tag?post=628"}],"curies":[{"name":"wp","href":"https:\/\/api.w.org\/{rel}","templated":true}]}}