{"id":633,"date":"2021-05-05T09:58:00","date_gmt":"2021-05-05T07:58:00","guid":{"rendered":"https:\/\/shop.trueffel-vom-hof.ch\/produkt\/xfetta-mandoline-a-truffes\/"},"modified":"2021-05-05T09:58:00","modified_gmt":"2021-05-05T07:58:00","slug":"xfetta-mandoline-a-truffes","status":"publish","type":"product","link":"https:\/\/shop.trueffel-vom-hof.ch\/fr\/produkt\/xfetta-mandoline-a-truffes\/","title":{"rendered":"xfetta Mandoline \u00e0 truffes"},"content":{"rendered":"<p>Lame de 8 cm. Mandoline \u00e0 truffes professionnel exclusif d&rsquo;Amrogio Sanelli. XFETTA est fabriqu\u00e9 en acier sp\u00e9cial Nitro-B. Gr\u00e2ce \u00e0 l&rsquo;ajout d&rsquo;azote et \u00e0 un traitement thermique pr\u00e9cis et particulier, cet acier sp\u00e9cial atteint des duret\u00e9s \u00e9lev\u00e9es pour un tranchant exceptionnel et une performance de coupe constante dans le temps. Fabriqu\u00e9 en Italie. \u00c9paisseur de coupe r\u00e9gl\u00e9e pour les truffes blanches.<\/p>\n","protected":false},"excerpt":{"rendered":"<p>Lame de 8 cm. Mandoline \u00e0 truffes professionnel exclusif d&rsquo;Amrogio Sanelli. XFETTA est fabriqu\u00e9 en acier sp\u00e9cial Nitro-B. Gr\u00e2ce \u00e0 l&rsquo;ajout d&rsquo;azote et \u00e0 un traitement thermique pr\u00e9cis et particulier, cet acier sp\u00e9cial atteint des duret\u00e9s \u00e9lev\u00e9es pour un tranchant exceptionnel et une performance de coupe constante dans le temps. Fabriqu\u00e9 en Italie. \u00c9paisseur de [&hellip;]<\/p>\n","protected":false},"featured_media":575,"template":"","meta":{"site-sidebar-layout":"default","site-content-layout":"default","ast-site-content-layout":"default","site-content-style":"default","site-sidebar-style":"default","ast-global-header-display":"","ast-banner-title-visibility":"","ast-main-header-display":"","ast-hfb-above-header-display":"","ast-hfb-below-header-display":"","ast-hfb-mobile-header-display":"","site-post-title":"","ast-breadcrumbs-content":"","ast-featured-img":"","footer-sml-layout":"","theme-transparent-header-meta":"default","adv-header-id-meta":"","stick-header-meta":"","header-above-stick-meta":"","header-main-stick-meta":"","header-below-stick-meta":"","astra-migrate-meta-layouts":"default","ast-page-background-enabled":"default","ast-page-background-meta":{"desktop":{"background-color":"","background-image":"","background-repeat":"repeat","background-position":"center center","background-size":"auto","background-attachment":"scroll","background-type":"","background-media":"","overlay-type":"","overlay-color":"","overlay-opacity":"","overlay-gradient":""},"tablet":{"background-color":"","background-image":"","background-repeat":"repeat","background-position":"center center","background-size":"auto","background-attachment":"scroll","background-type":"","background-media":"","overlay-type":"","overlay-color":"","overlay-opacity":"","overlay-gradient":""},"mobile":{"background-color":"","background-image":"","background-repeat":"repeat","background-position":"center center","background-size":"auto","background-attachment":"scroll","background-type":"","background-media":"","overlay-type":"","overlay-color":"","overlay-opacity":"","overlay-gradient":""}},"ast-content-background-meta":{"desktop":{"background-color":"var(--ast-global-color-5)","background-image":"","background-repeat":"repeat","background-position":"center center","background-size":"auto","background-attachment":"scroll","background-type":"","background-media":"","overlay-type":"","overlay-color":"","overlay-opacity":"","overlay-gradient":""},"tablet":{"background-color":"var(--ast-global-color-5)","background-image":"","background-repeat":"repeat","background-position":"center center","background-size":"auto","background-attachment":"scroll","background-type":"","background-media":"","overlay-type":"","overlay-color":"","overlay-opacity":"","overlay-gradient":""},"mobile":{"background-color":"var(--ast-global-color-5)","background-image":"","background-repeat":"repeat","background-position":"center center","background-size":"auto","background-attachment":"scroll","background-type":"","background-media":"","overlay-type":"","overlay-color":"","overlay-opacity":"","overlay-gradient":""}}},"product_brand":[],"product_cat":[33],"product_tag":[],"class_list":{"0":"post-633","1":"product","2":"type-product","3":"status-publish","4":"has-post-thumbnail","6":"product_cat-non-categorise","7":"desktop-align-left","8":"tablet-align-left","9":"mobile-align-left","11":"first","12":"instock","13":"shipping-taxable","14":"purchasable","15":"product-type-simple"},"_links":{"self":[{"href":"https:\/\/shop.trueffel-vom-hof.ch\/fr\/wp-json\/wp\/v2\/product\/633","targetHints":{"allow":["GET"]}}],"collection":[{"href":"https:\/\/shop.trueffel-vom-hof.ch\/fr\/wp-json\/wp\/v2\/product"}],"about":[{"href":"https:\/\/shop.trueffel-vom-hof.ch\/fr\/wp-json\/wp\/v2\/types\/product"}],"wp:featuredmedia":[{"embeddable":true,"href":"https:\/\/shop.trueffel-vom-hof.ch\/fr\/wp-json\/wp\/v2\/media\/575"}],"wp:attachment":[{"href":"https:\/\/shop.trueffel-vom-hof.ch\/fr\/wp-json\/wp\/v2\/media?parent=633"}],"wp:term":[{"taxonomy":"product_brand","embeddable":true,"href":"https:\/\/shop.trueffel-vom-hof.ch\/fr\/wp-json\/wp\/v2\/product_brand?post=633"},{"taxonomy":"product_cat","embeddable":true,"href":"https:\/\/shop.trueffel-vom-hof.ch\/fr\/wp-json\/wp\/v2\/product_cat?post=633"},{"taxonomy":"product_tag","embeddable":true,"href":"https:\/\/shop.trueffel-vom-hof.ch\/fr\/wp-json\/wp\/v2\/product_tag?post=633"}],"curies":[{"name":"wp","href":"https:\/\/api.w.org\/{rel}","templated":true}]}}